{"id":4,"date":"2016-10-20T19:33:31","date_gmt":"2016-10-20T19:33:31","guid":{"rendered":"http:\/\/localhost\/FTraqueia\/?page_id=4"},"modified":"2025-08-19T18:05:08","modified_gmt":"2025-08-19T17:05:08","slug":"about-me","status":"publish","type":"page","link":"http:\/\/ftraqueia.pt\/?page_id=4","title":{"rendered":"About Me"},"content":{"rendered":"<p><img fetchpriority=\"high\" decoding=\"async\" class=\" wp-image-1817 alignleft\" src=\"http:\/\/ftraqueia.pt\/wp-content\/uploads\/2023\/03\/334906932_981725796531521_8190928528548637191_n-200x300.jpg\" alt=\"\" width=\"189\" height=\"284\" srcset=\"http:\/\/ftraqueia.pt\/wp-content\/uploads\/2023\/03\/334906932_981725796531521_8190928528548637191_n-200x300.jpg 200w, http:\/\/ftraqueia.pt\/wp-content\/uploads\/2023\/03\/334906932_981725796531521_8190928528548637191_n.jpg 426w\" sizes=\"(max-width: 189px) 100vw, 189px\" \/><\/p>\n<p>Ol\u00e1, eu sou a Filipa!<\/p>\n<p>Bem-vindos ao meu portef\u00f3lio! Aqui poder\u00e3o encontrar alguns dos trabalhos que fiz ao longo do meu percurso na \u00e1rea do jornalismo e comunica\u00e7\u00e3o. Mas antes, convido-vos a conhecer um pouco da minha hist\u00f3ria profissional:<\/p>\n<p>Entrei para a Faculdade de Letras da Universidade de Coimbra com uma certeza: queria ser jornalista! Sempre acreditei que a experi\u00eancia \u00e9 mais importante e por isso n\u00e3o perdi tempo para me juntar \u00e0\u00a0Televis\u00e3o da Associa\u00e7\u00e3o Acad\u00e9mica de Coimbra\u00a0onde aprendi a manusear c\u00e2maras de filmar e a editar v\u00eddeo.<\/p>\n<p>Terminada a licenciatura, decidi ingressar no mestrado em jornalismo da Universidade Nova de Lisboa. Fui tamb\u00e9m estagi\u00e1ria volunt\u00e1ria no jornal online Dinheiro Vivo e fiz o est\u00e1gio curricular na SIC Not\u00edcias \u2013 onde tive o privil\u00e9gio de trabalhar diretamente com o jornalista Pedro Coelho na <a href=\"http:\/\/ftraqueia.pt\/2014\/01\/15\/negocio-de-familias\/\">Grande Reportagem \u201cNeg\u00f3cio de Fam\u00edlias\u201d<\/a>.<\/p>\n<p>Fiz parte da equipa de multim\u00e9dia da SIC generalista durante dois anos, onde produzi conte\u00fados de bastidores dos programas de entretenimento do canal, em particular das novelas. Fui jornalista na reda\u00e7\u00e3o conjunta do <a href=\"http:\/\/ftraqueia.pt\/category\/jornal-i\/\">jornal di\u00e1rio i<\/a>\u00a0e do\u00a0<a href=\"http:\/\/ftraqueia.pt\/category\/semanario-sol\/\">seman\u00e1rio Sol<\/a>, nas editorias de multim\u00e9dia e de pol\u00edtica, onde fui correspondente na Assembleia da Rep\u00fablica.<\/p>\n<p>Iniciei uma colabora\u00e7\u00e3o freelance com a plataforma de \u201cfact checking\u201d <a href=\"http:\/\/ftraqueia.pt\/category\/poligrafo\/\">Pol\u00edgrafo<\/a>. Com a cria\u00e7\u00e3o de um projeto dedicado \u00e0 sa\u00fade &#8211; o <a href=\"http:\/\/ftraqueia.pt\/category\/viral\/\">Viral<\/a> &#8211; acabei por me especializar nessa tem\u00e1tica. Por gostar dos temas de sa\u00fade e ci\u00eancia, decidi tirar uma p\u00f3s-gradua\u00e7\u00e3o em Comunica\u00e7\u00e3o de Ci\u00eancia na Faculdade de Ci\u00eancias Sociais e Humanas da Universidade Nova de Lisboa.<\/p>\n<p>Integrei tamb\u00e9m a reda\u00e7\u00e3o online da <a href=\"http:\/\/ftraqueia.pt\/category\/sic-noticias\/\">SIC Not\u00edcias<\/a>, onde tive a oportunidade de produzir artigos sobre v\u00e1rias tem\u00e1ticas, realizar reportagens especiais multim\u00e9dia e cobrir grandes eventos realizados em Portugal &#8211; como a Web Summit ou a Jornada Mundial da Juventude.<\/p>\n<p>Atualmente, colaboro com o fact checker <a href=\"http:\/\/ftraqueia.pt\/category\/viral\/\">Viral<\/a> e com o jornal <a href=\"http:\/\/ftraqueia.pt\/?cat=78\">Expresso<\/a>, em temas de ci\u00eancia e n\u00e3o s\u00f3.<\/p>\n<p>No meu percurso desenvolvi a capacidade criativa e de resolu\u00e7\u00e3o de problemas. Sou empenhada, trabalhadora e aprendo com muita facilidade.<\/p>\n<p>Agora que j\u00e1 conheceram um pouco de mim, por que n\u00e3o conhecer o <a href=\"http:\/\/ftraqueia.pt\/category\/experiencia-profissional\/\">resto do site<\/a>?<\/p>\n<p style=\"text-align: center;\">Obrigada!<\/p>\n<p style=\"text-align: center;\">Filipa<\/p>\n","protected":false},"excerpt":{"rendered":"<p>Ol\u00e1, eu sou a Filipa! Bem-vindos ao meu portef\u00f3lio! Aqui poder\u00e3o encontrar alguns dos trabalhos que fiz ao longo do meu percurso na \u00e1rea do&hellip; <\/p>\n","protected":false},"author":1,"featured_media":0,"parent":0,"menu_order":0,"comment_status":"closed","ping_status":"closed","template":"","meta":{"footnotes":""},"class_list":["post-4","page","type-page","status-publish","hentry"],"_links":{"self":[{"href":"http:\/\/ftraqueia.pt\/index.php?rest_route=\/wp\/v2\/pages\/4","targetHints":{"allow":["GET"]}}],"collection":[{"href":"http:\/\/ftraqueia.pt\/index.php?rest_route=\/wp\/v2\/pages"}],"about":[{"href":"http:\/\/ftraqueia.pt\/index.php?rest_route=\/wp\/v2\/types\/page"}],"author":[{"embeddable":true,"href":"http:\/\/ftraqueia.pt\/index.php?rest_route=\/wp\/v2\/users\/1"}],"replies":[{"embeddable":true,"href":"http:\/\/ftraqueia.pt\/index.php?rest_route=%2Fwp%2Fv2%2Fcomments&post=4"}],"version-history":[{"count":26,"href":"http:\/\/ftraqueia.pt\/index.php?rest_route=\/wp\/v2\/pages\/4\/revisions"}],"predecessor-version":[{"id":2209,"href":"http:\/\/ftraqueia.pt\/index.php?rest_route=\/wp\/v2\/pages\/4\/revisions\/2209"}],"wp:attachment":[{"href":"http:\/\/ftraqueia.pt\/index.php?rest_route=%2Fwp%2Fv2%2Fmedia&parent=4"}],"curies":[{"name":"wp","href":"https:\/\/api.w.org\/{rel}","templated":true}]}}